{"id":93,"date":"2026-01-19T00:59:06","date_gmt":"2026-01-19T00:59:06","guid":{"rendered":"https:\/\/rsu.tu1trillon.com\/?page_id=93"},"modified":"2026-01-19T00:59:06","modified_gmt":"2026-01-19T00:59:06","slug":"programa-de-manejo-integrado-de-residuos-solidos-pmirsu","status":"publish","type":"page","link":"https:\/\/rsu.tu1trillon.com\/index.php\/programa-de-manejo-integrado-de-residuos-solidos-pmirsu\/","title":{"rendered":"Programa de Manejo Integrado de Residuos S\u00f3lidos (PMIRSU)"},"content":{"rendered":"\n<p>El presente proyecto abarca la innovaci\u00f3n tecnol\u00f3gica en implementaci\u00f3n parcial de un Programa de Manejo Integrado de Residuos S\u00f3lidos (PMIRSU) propuesto como resultado de estudios anteriores realizados por el CIES en el Centro Urbano, concebido como un sistema de ayuda a la toma de decisiones para el ordenamiento territorial que propicien la introducci\u00f3n de transformaciones que coadyuven al mejoramiento de la calidad de vida de la poblaci\u00f3n y del medio ambiente a trav\u00e9s del aporte a la educaci\u00f3n ambiental de la poblaci\u00f3n; la contribuci\u00f3n a la creaci\u00f3n de infraestructuras operativas para elementos funcionales del Manejo Integrado de RSU (clasificaci\u00f3n en origen, recogida y transportaci\u00f3n especializada a destino final); la definici\u00f3n de tecnolog\u00edas apropiadas para un manejo \u00f3ptimo de los RSU desde su origen hasta su transportaci\u00f3n a tratamiento o destino final.<\/p>\n\n\n\n<p>La ejecuci\u00f3n exitosa del proyecto permitir\u00e1, entre otros beneficios sociales: mejoras en la calidad de vida de la poblaci\u00f3n vulnerada en sus derechos con la situaci\u00f3n actual del manejo de residuos en el Centro Urbano y su participaci\u00f3n activa y consciente en las transformaciones resultantes de la&nbsp; introducci\u00f3n de tecnolog\u00edas apropiadas para esta labor; creaci\u00f3n&nbsp; de nuevos puestos de trabajo en la zona, que pueden ser ocupados por los pobladores; saneamiento ambiental del Centro Urbano con la introducci\u00f3n de infraestructuras que propicien eliminar la incineraci\u00f3n in situ de desechos, la dispersi\u00f3n de los mismos ante la insuficiencia actual de contenedores y medios de transportaci\u00f3n regular a destino final de los RS; la apropiaci\u00f3n por parte de las autoridades administrativas locales de herramientas para hacer cumplir las regulaciones sanitarias vigentes, tanto por las personas naturales, como jur\u00eddicas, aplicables a la actividad de manejo de desechos en la zona.<\/p>\n\n\n\n<p>Los resultados del proyecto ser\u00e1n referencia para la elaboraci\u00f3n del Plan Maestro de Manejo Integrado de RSU en la provincia Santiago de Cuba y otras regiones del pa\u00eds.<\/p>\n\n\n\n<p><strong>PALABRAS CLAVE:<\/strong> Residuos S\u00f3lidos Urbanos (RSU), Manejo integrado de RSU, educaci\u00f3n ambiental, higiene comunal y dom\u00e9stica.<\/p>\n\n\n\n<p><\/p>\n","protected":false},"excerpt":{"rendered":"<p>El presente proyecto abarca la innovaci\u00f3n tecnol\u00f3gica en implementaci\u00f3n parcial de un Programa de Manejo Integrado de Residuos S\u00f3lidos (PMIRSU) propuesto como resultado de estudios anteriores realizados por el CIES en el Centro Urbano, concebido como un sistema de ayuda a la toma de decisiones para el ordenamiento territorial que propicien la introducci\u00f3n de transformaciones [&hellip;]<\/p>\n","protected":false},"author":1,"featured_media":0,"parent":0,"menu_order":0,"comment_status":"closed","ping_status":"closed","template":"","meta":{"footnotes":""},"class_list":["post-93","page","type-page","status-publish","hentry"],"_links":{"self":[{"href":"https:\/\/rsu.tu1trillon.com\/index.php\/wp-json\/wp\/v2\/pages\/93","targetHints":{"allow":["GET"]}}],"collection":[{"href":"https:\/\/rsu.tu1trillon.com\/index.php\/wp-json\/wp\/v2\/pages"}],"about":[{"href":"https:\/\/rsu.tu1trillon.com\/index.php\/wp-json\/wp\/v2\/types\/page"}],"author":[{"embeddable":true,"href":"https:\/\/rsu.tu1trillon.com\/index.php\/wp-json\/wp\/v2\/users\/1"}],"replies":[{"embeddable":true,"href":"https:\/\/rsu.tu1trillon.com\/index.php\/wp-json\/wp\/v2\/comments?post=93"}],"version-history":[{"count":1,"href":"https:\/\/rsu.tu1trillon.com\/index.php\/wp-json\/wp\/v2\/pages\/93\/revisions"}],"predecessor-version":[{"id":94,"href":"https:\/\/rsu.tu1trillon.com\/index.php\/wp-json\/wp\/v2\/pages\/93\/revisions\/94"}],"wp:attachment":[{"href":"https:\/\/rsu.tu1trillon.com\/index.php\/wp-json\/wp\/v2\/media?parent=93"}],"curies":[{"name":"wp","href":"https:\/\/api.w.org\/{rel}","templated":true}]}}